{"id":78,"date":"2017-04-19T14:20:26","date_gmt":"2017-04-19T13:20:26","guid":{"rendered":"http:\/\/heuraonline.com\/?page_id=78"},"modified":"2026-01-28T17:28:15","modified_gmt":"2026-01-28T16:28:15","slug":"heura","status":"publish","type":"page","link":"https:\/\/heuraonline.com\/","title":{"rendered":"PROMOCIONS"},"content":{"rendered":"[et_pb_section fb_built=\u00bb1&#8243; _builder_version=\u00bb4.12.0&#8243; _module_preset=\u00bbdefault\u00bb background_image=\u00bbhttps:\/\/heuraonline.com\/wp-content\/uploads\/2020\/06\/De3dKVQVQAEap2i.jpg\u00bb global_colors_info=\u00bb{}\u00bb][et_pb_row _builder_version=\u00bb4.12.0&#8243; _module_preset=\u00bbdefault\u00bb global_colors_info=\u00bb{}\u00bb][et_pb_column type=\u00bb4_4&#8243; _builder_version=\u00bb4.12.0&#8243; _module_preset=\u00bbdefault\u00bb global_colors_info=\u00bb{}\u00bb][et_pb_text _builder_version=\u00bb4.12.0&#8243; _module_preset=\u00bbdefault\u00bb min_height=\u00bb41px\u00bb custom_padding=\u00bb21px|||||\u00bb global_colors_info=\u00bb{}\u00bb]<h1 style=\"text-align: center;\"><strong>PROMOCIONS ACTUALS<\/strong><\/h1>[\/et_pb_text][et_pb_blurb image=\u00bbhttps:\/\/heuraonline.com\/wp-content\/uploads\/2026\/01\/Slide1.jpg\u00bb _builder_version=\u00bb4.12.0&#8243; _module_preset=\u00bbdefault\u00bb hover_enabled=\u00bb0&#8243; sticky_enabled=\u00bb0&#8243; title_text=\u00bbSlide1&#8243;]<h1 style=\"text-align: center;\"><span style=\"color: #ff0000;\"><strong>NABHI (melic)<\/strong><\/span><\/h1>\n<h2 style=\"text-align: center;\"><span style=\"color: #ff0000;\"><strong>massatge que treballa drenatje abdominal\u00a0<\/strong><\/span><\/h2>\n<h2 style=\"text-align: center;\"><strong><span style=\"color: #ff0000;\">i punts energ\u00e8tics mitjan\u00e7ant digito pressi\u00f3<\/span><\/strong><\/h2>[\/et_pb_blurb][et_pb_blurb image=\u00bbhttps:\/\/heuraonline.com\/wp-content\/uploads\/2025\/05\/Slide1.jpg\u00bb _builder_version=\u00bb4.12.0&#8243; _module_preset=\u00bbdefault\u00bb hover_enabled=\u00bb0&#8243; global_colors_info=\u00bb{}\u00bb sticky_enabled=\u00bb0&#8243;]<h1 style=\"text-align: center;\"><span style=\"color: #ff0000;\"><strong>NOVETATS<\/strong><\/span><\/h1>[\/et_pb_blurb][et_pb_video src=\u00bbhttp:\/\/https:\/\/www.youtube.com\/watch?v=n73VQOux618&#8243; _builder_version=\u00bb4.12.0&#8243; _module_preset=\u00bbdefault\u00bb global_colors_info=\u00bb{}\u00bb][\/et_pb_video][et_pb_video src=\u00bbhttp:\/\/https:\/\/www.youtube.com\/watch?v=n73VQOux618&#8243; _builder_version=\u00bb4.12.0&#8243; _module_preset=\u00bbdefault\u00bb global_colors_info=\u00bb{}\u00bb src__hover_enabled=\u00bboff|desktop\u00bb][\/et_pb_video][et_pb_blurb image=\u00bbhttps:\/\/heuraonline.com\/wp-content\/uploads\/2024\/11\/PASITHEA.jpeg\u00bb _builder_version=\u00bb4.12.0&#8243; _module_preset=\u00bbdefault\u00bb global_colors_info=\u00bb{}\u00bb]<h2 style=\"text-align: center;\"><span style=\"color: #800080;\"><strong>DESCONNECTA DE L&#8217;ESTR\u00c8S<\/strong><\/span><\/h2>\n<h2 style=\"text-align: center;\"><span style=\"color: #800080;\"><strong>CONNECTA AMB EL TEU COS<\/strong><\/span><\/h2>[\/et_pb_blurb][et_pb_blurb image=\u00bbhttps:\/\/heuraonline.com\/wp-content\/uploads\/2024\/11\/MORFEO.jpeg\u00bb _builder_version=\u00bb4.12.0&#8243; _module_preset=\u00bbdefault\u00bb global_colors_info=\u00bb{}\u00bb]<h2 style=\"text-align: center;\"><span style=\"color: #800080;\">DESCONNECTA DE L&#8217;ESTR\u00c8S<\/span><\/h2>\n<h2 style=\"text-align: center;\"><span style=\"color: #800080;\">CONNECTA AMB EL TEU COS<\/span><\/h2>[\/et_pb_blurb][et_pb_blurb image=\u00bbhttps:\/\/heuraonline.com\/wp-content\/uploads\/2024\/04\/Slide1.jpg\u00bb _builder_version=\u00bb4.12.0&#8243; _module_preset=\u00bbdefault\u00bb global_colors_info=\u00bb{}\u00bb][\/et_pb_blurb][et_pb_blurb image=\u00bbhttps:\/\/heuraonline.com\/wp-content\/uploads\/2024\/01\/Slide1-1.jpg\u00bb _builder_version=\u00bb4.12.0&#8243; _module_preset=\u00bbdefault\u00bb global_colors_info=\u00bb{}\u00bb]<h2 style=\"text-align: center;\"><span style=\"color: #800080;\"><strong>FIBROMI\u00c0LGIA<\/strong><\/span><\/h2>\n<h2 style=\"text-align: center;\"><span style=\"color: #800080;\">DOLOR GENERAL<\/span><\/h2>\n<h2 style=\"text-align: center;\"><span style=\"color: #800080;\"><strong>ARTROSI, ARTRITIS, CONTRACTURES MUSCULARS&#8230;.<\/strong><\/span><\/h2>[\/et_pb_blurb][et_pb_blurb image=\u00bbhttps:\/\/heuraonline.com\/wp-content\/uploads\/2023\/11\/Slide1.jpg\u00bb _builder_version=\u00bb4.12.0&#8243; _module_preset=\u00bbdefault\u00bb global_colors_info=\u00bb{}\u00bb][\/et_pb_blurb][et_pb_blurb _builder_version=\u00bb4.12.0&#8243; _module_preset=\u00bbdefault\u00bb global_colors_info=\u00bb{}\u00bb]<div style=\"width: 384px;\" class=\"wp-video\"><!--[if lt IE 9]><script>document.createElement('video');<\/script><![endif]-->\n<video class=\"wp-video-shortcode\" id=\"video-78-1\" width=\"384\" height=\"864\" preload=\"metadata\" controls=\"controls\"><source type=\"video\/mp4\" src=\"https:\/\/heuraonline.com\/wp-content\/uploads\/2023\/11\/VID-20231102-WA0056.mp4?_=1\" \/><a href=\"https:\/\/heuraonline.com\/wp-content\/uploads\/2023\/11\/VID-20231102-WA0056.mp4\">https:\/\/heuraonline.com\/wp-content\/uploads\/2023\/11\/VID-20231102-WA0056.mp4<\/a><\/video><\/div>\n<h1 style=\"text-align: center;\"><span style=\"color: #000080;\"><strong>Hem creat un nou espai SPA <\/strong><\/span><\/h1>\n<h1 style=\"text-align: center;\"><span style=\"color: #000080;\"><strong>a <\/strong><\/span><\/h1>\n<h1 style=\"text-align: center;\"><span style=\"color: #000080;\"><strong>Heura Perruqueria i Est\u00e8tica<\/strong><\/span><\/h1>\n<h2 style=\"text-align: center;\"><span style=\"color: #000080;\">@ eksperience<\/span><\/h2>\n<p>&nbsp;<\/p>[\/et_pb_blurb][et_pb_video src=\u00bbhttps:\/\/heuraonline.com\/wp-content\/uploads\/2023\/04\/14-dabril-de-2023.mp4&#8243; _builder_version=\u00bb4.12.0&#8243; _module_preset=\u00bbdefault\u00bb global_colors_info=\u00bb{}\u00bb][\/et_pb_video][et_pb_blurb title=\u00bbATENCI\u00d3 NUVIES I NUVIS!!\u00bb image=\u00bbhttps:\/\/heuraonline.com\/wp-content\/uploads\/2020\/06\/wedding-planner-01.jpg\u00bb _builder_version=\u00bb4.12.0&#8243; _module_preset=\u00bbdefault\u00bb global_colors_info=\u00bb{}\u00bb]<div style=\"width: 1080px;\" class=\"wp-video\"><video class=\"wp-video-shortcode\" id=\"video-78-2\" width=\"1080\" height=\"1080\" preload=\"metadata\" controls=\"controls\"><source type=\"video\/mp4\" src=\"https:\/\/heuraonline.com\/wp-content\/uploads\/2023\/03\/NUVIS.mp4?_=2\" \/><a href=\"https:\/\/heuraonline.com\/wp-content\/uploads\/2023\/03\/NUVIS.mp4\">https:\/\/heuraonline.com\/wp-content\/uploads\/2023\/03\/NUVIS.mp4<\/a><\/video><\/div>[\/et_pb_blurb][\/et_pb_column][\/et_pb_row][\/et_pb_section]","protected":false},"excerpt":{"rendered":"<p>PROMOCIONS ACTUALSNABHI (melic) massatge que treballa drenatje abdominal\u00a0 i punts energ\u00e8tics mitjan\u00e7ant digito pressi\u00f3NOVETATSDESCONNECTA DE L&#8217;ESTR\u00c8S CONNECTA AMB EL TEU COSDESCONNECTA DE L&#8217;ESTR\u00c8S CONNECTA AMB EL TEU COSFIBROMI\u00c0LGIA DOLOR GENERAL ARTROSI, ARTRITIS, CONTRACTURES MUSCULARS&#8230;.<div style=\"width: 384px;\" class=\"wp-video\"><video class=\"wp-video-shortcode\" id=\"video-78-3\" width=\"384\" height=\"864\" preload=\"metadata\" controls=\"controls\"><source type=\"video\/mp4\" src=\"https:\/\/heuraonline.com\/wp-content\/uploads\/2023\/11\/VID-20231102-WA0056.mp4?_=3\" \/><a href=\"https:\/\/heuraonline.com\/wp-content\/uploads\/2023\/11\/VID-20231102-WA0056.mp4\">https:\/\/heuraonline.com\/wp-content\/uploads\/2023\/11\/VID-20231102-WA0056.mp4<\/a><\/video><\/div> Hem creat un nou espai SPA a Heura Perruqueria i Est\u00e8tica @ eksperience &nbsp;<div style=\"width: 1080px;\" class=\"wp-video\"><video class=\"wp-video-shortcode\" id=\"video-78-4\" width=\"1080\" height=\"1080\" preload=\"metadata\" controls=\"controls\"><source type=\"video\/mp4\" src=\"https:\/\/heuraonline.com\/wp-content\/uploads\/2023\/03\/NUVIS.mp4?_=4\" \/><a href=\"https:\/\/heuraonline.com\/wp-content\/uploads\/2023\/03\/NUVIS.mp4\">https:\/\/heuraonline.com\/wp-content\/uploads\/2023\/03\/NUVIS.mp4<\/a><\/video><\/div><\/p>\n","protected":false},"author":4,"featured_media":0,"parent":0,"menu_order":0,"comment_status":"closed","ping_status":"closed","template":"","meta":{"_et_pb_use_builder":"on","_et_pb_old_content":"","_et_gb_content_width":""},"_links":{"self":[{"href":"https:\/\/heuraonline.com\/index.php\/wp-json\/wp\/v2\/pages\/78"}],"collection":[{"href":"https:\/\/heuraonline.com\/index.php\/wp-json\/wp\/v2\/pages"}],"about":[{"href":"https:\/\/heuraonline.com\/index.php\/wp-json\/wp\/v2\/types\/page"}],"author":[{"embeddable":true,"href":"https:\/\/heuraonline.com\/index.php\/wp-json\/wp\/v2\/users\/4"}],"replies":[{"embeddable":true,"href":"https:\/\/heuraonline.com\/index.php\/wp-json\/wp\/v2\/comments?post=78"}],"version-history":[{"count":166,"href":"https:\/\/heuraonline.com\/index.php\/wp-json\/wp\/v2\/pages\/78\/revisions"}],"predecessor-version":[{"id":2445,"href":"https:\/\/heuraonline.com\/index.php\/wp-json\/wp\/v2\/pages\/78\/revisions\/2445"}],"wp:attachment":[{"href":"https:\/\/heuraonline.com\/index.php\/wp-json\/wp\/v2\/media?parent=78"}],"curies":[{"name":"wp","href":"https:\/\/api.w.org\/{rel}","templated":true}]}}