{"id":243,"date":"2017-04-20T15:27:34","date_gmt":"2017-04-20T14:27:34","guid":{"rendered":"http:\/\/heuraonline.com\/?page_id=243"},"modified":"2023-11-10T12:46:37","modified_gmt":"2023-11-10T11:46:37","slug":"serveis","status":"publish","type":"page","link":"https:\/\/heuraonline.com\/index.php\/serveis\/","title":{"rendered":"Serveis"},"content":{"rendered":"[et_pb_section fb_built=\u00bb1&#8243; admin_label=\u00bbSection\u00bb _builder_version=\u00bb4.4.7&#8243; background_color=\u00bb#000000&#8243; background_image=\u00bbhttp:\/\/heuraonline.com\/wp-content\/uploads\/2020\/05\/spa-06-e1590847562735.jpg\u00bb custom_padding=\u00bb84px|0px|0px|0px\u00bb global_colors_info=\u00bb{}\u00bb][et_pb_row admin_label=\u00bbRow\u00bb _builder_version=\u00bb3.25&#8243; background_size=\u00bbinitial\u00bb background_position=\u00bbtop_left\u00bb background_repeat=\u00bbrepeat\u00bb global_colors_info=\u00bb{}\u00bb][et_pb_column type=\u00bb4_4&#8243; _builder_version=\u00bb3.25&#8243; custom_padding=\u00bb|||\u00bb global_colors_info=\u00bb{}\u00bb custom_padding__hover=\u00bb|||\u00bb][et_pb_text disabled_on=\u00bboff|on|off\u00bb admin_label=\u00bbText\u00bb _builder_version=\u00bb4.4.7&#8243; text_text_color=\u00bb#ffffff\u00bb text_font_size=\u00bb17px\u00bb text_line_height=\u00bb1.6em\u00bb header_font=\u00bb|on||on|\u00bb header_text_color=\u00bb#ffffff\u00bb header_font_size=\u00bb25px\u00bb header_line_height=\u00bb1.2em\u00bb background_size=\u00bbinitial\u00bb background_position=\u00bbtop_left\u00bb background_repeat=\u00bbrepeat\u00bb custom_padding=\u00bb0px|||||\u00bb header_line_height_tablet=\u00bb1em\u00bb header_line_height_phone=\u00bb1.1em\u00bb header_line_height_last_edited=\u00bbon|phone\u00bb global_colors_info=\u00bb{}\u00bb]<h1><strong><span style=\"color: #993366;\">Un m\u00f3n de possibilitats per sentir-vos \u00fanics<\/span><\/strong><\/h1>\n<p><span style=\"color: #993366;\">A <strong>Heura, Perruqueria, Est\u00e8tica i Sol\u00e0rium<\/strong> farem de la vostra\u00a0visita una experi\u00e8ncia inoblidable plena de sensacions. Les nostres cures i tractaments atesos pel nostre personal expert us\u00a0faran sentir-vos com nous per afrontar plens de vitalitat el fren\u00e8tic ritme de cada dia.<\/span><\/p>[\/et_pb_text][\/et_pb_column][\/et_pb_row][et_pb_row column_structure=\u00bb1_2,1_2&#8243; admin_label=\u00bbRow\u00bb _builder_version=\u00bb3.25&#8243; background_size=\u00bbinitial\u00bb background_position=\u00bbtop_left\u00bb background_repeat=\u00bbrepeat\u00bb custom_padding=\u00bb12px|0px|0px|0px\u00bb global_colors_info=\u00bb{}\u00bb][et_pb_column type=\u00bb1_2&#8243; _builder_version=\u00bb3.25&#8243; custom_padding=\u00bb|30px||\u00bb global_colors_info=\u00bb{}\u00bb custom_padding__hover=\u00bb|||\u00bb][\/et_pb_column][et_pb_column type=\u00bb1_2&#8243; _builder_version=\u00bb4.4.7&#8243; global_colors_info=\u00bb{}\u00bb][et_pb_text admin_label=\u00bbText\u00bb _builder_version=\u00bb4.4.7&#8243; text_text_color=\u00bb#ffffff\u00bb text_font_size=\u00bb14px\u00bb text_line_height=\u00bb1.4&#8243; header_font=\u00bb|on||on|\u00bb header_text_color=\u00bb#edbc7d\u00bb header_font_size=\u00bb24px\u00bb background_color=\u00bbrgba(0,0,0,0)\u00bb background_size=\u00bbinitial\u00bb background_position=\u00bbtop_left\u00bb background_repeat=\u00bbrepeat\u00bb custom_padding=\u00bb5px|5px|5px|5px\u00bb global_colors_info=\u00bb{}\u00bb]<h1><span style=\"color: #993366;\">PROTESIS CAPILARS I EXTENSIONS<\/span><\/h1>\n<p><span style=\"color: #993366;\">La nostra experi\u00e8ncia en aquest sector juntament amb el recolzament de productes d&#8217;alta qualitat faran que trobem per a vosaltres la soluci\u00f3 m\u00e9s adequada.<\/span><\/p>\n<p><span style=\"color: #993366;\">Extensions de la casa SHE fabricades amb cabell natural de la m\u00e0xima calitat<\/span><\/p>[\/et_pb_text][et_pb_image src=\u00bbhttp:\/\/heuraonline.com\/wp-content\/uploads\/2020\/05\/10450_modal.jpg\u00bb title_text=\u00bb10450_modal\u00bb _builder_version=\u00bb4.4.7&#8243; global_colors_info=\u00bb{}\u00bb][\/et_pb_image][et_pb_text admin_label=\u00bbText\u00bb _builder_version=\u00bb4.4.7&#8243; text_text_color=\u00bb#ffffff\u00bb text_font_size=\u00bb14px\u00bb text_line_height=\u00bb1.4&#8243; header_font=\u00bb|on||on|\u00bb header_text_color=\u00bb#edbc7d\u00bb header_font_size=\u00bb24px\u00bb background_color=\u00bbrgba(0,0,0,0)\u00bb background_size=\u00bbinitial\u00bb background_position=\u00bbtop_left\u00bb background_repeat=\u00bbrepeat\u00bb custom_padding=\u00bb5px|5px|0px|5px\u00bb global_colors_info=\u00bb{}\u00bb]<h1><span style=\"color: #993366;\">T\u00c8CNIQUES DE COLOR<\/span><\/h1>\n<ul>\n<li><span style=\"color: #993366;\">Producte <strong>REVLON<\/strong>.<\/span><\/li>\n<li><span style=\"color: #993366;\">Color sense amon\u00edac <b>SUBLIME<\/b><\/span><span style=\"color: #993366;\"><b><\/b><\/span><\/li>\n<li><span style=\"color: #993366;\"><b>Balayage, Babyligths, Ombre, Contouring, Colors Fantas\u00eda<\/b><\/span><\/li>\n<\/ul>[\/et_pb_text][et_pb_video src=\u00bbhttps:\/\/heuraonline.com\/wp-content\/uploads\/2021\/05\/45059106_136452055195074_1591912110597203939_n-1.mp4&#8243; _builder_version=\u00bb4.7.7&#8243; _module_preset=\u00bbdefault\u00bb global_colors_info=\u00bb{}\u00bb][\/et_pb_video][et_pb_image src=\u00bbhttp:\/\/heuraonline.com\/wp-content\/uploads\/2020\/05\/Revlon-Porfessional_colecci\u00f3n-Vivacity-Collection-6.jpg\u00bb title_text=\u00bbRevlon-Porfessional_colecci\u00f3n-Vivacity-Collection-6&#8243; align_tablet=\u00bbcenter\u00bb align_phone=\u00bb\u00bb align_last_edited=\u00bbon|desktop\u00bb admin_label=\u00bbImage\u00bb _builder_version=\u00bb4.4.7&#8243; min_height=\u00bb351px\u00bb custom_margin=\u00bb||20px|\u00bb custom_padding=\u00bb||94px|||\u00bb border_radii=\u00bbon|4px|4px|4px|4px\u00bb box_shadow_style=\u00bbpreset1&#8243; animation=\u00bboff\u00bb global_colors_info=\u00bb{}\u00bb][\/et_pb_image][et_pb_text admin_label=\u00bbText\u00bb _builder_version=\u00bb4.7.7&#8243; text_text_color=\u00bb#ffffff\u00bb text_font_size=\u00bb14px\u00bb text_line_height=\u00bb1.4&#8243; header_font=\u00bb|on||on|\u00bb header_text_color=\u00bb#edbc7d\u00bb header_font_size=\u00bb24px\u00bb background_color=\u00bbrgba(0,0,0,0)\u00bb background_size=\u00bbinitial\u00bb background_position=\u00bbtop_left\u00bb background_repeat=\u00bbrepeat\u00bb custom_padding=\u00bb5px|5px|0px|5px\u00bb link_option_url=\u00bbhttps:\/\/www.youtube.com\/watch?v=9A2QDHsgQjI&#038;ab_channel=RevlonProfessional\u00bb link_option_url_new_window=\u00bbon\u00bb global_colors_info=\u00bb{}\u00bb]<h1><span color=\"#993366\" style=\"color: #993366;\">Color Excel Gloss<\/span><\/h1>\n<p><span color=\"#993366\" style=\"color: #993366;\">La teva millor opci\u00f3 de matitzaci\u00f3 despr\u00e9s de qualsevol tipus de servei de decoloraci\u00f3 per tractar i donar color suaument, proporcionant lluentor.<\/span><\/p>[\/et_pb_text][et_pb_image src=\u00bbhttps:\/\/heuraonline.com\/wp-content\/uploads\/2021\/04\/color-excel-gloss.jpg\u00bb title_text=\u00bbcolor excel gloss\u00bb align_tablet=\u00bbcenter\u00bb align_phone=\u00bb\u00bb align_last_edited=\u00bbon|desktop\u00bb admin_label=\u00bbImage\u00bb _builder_version=\u00bb4.7.7&#8243; min_height=\u00bb351px\u00bb custom_margin=\u00bb||20px|\u00bb custom_padding=\u00bb||94px|||\u00bb border_radii=\u00bbon|4px|4px|4px|4px\u00bb box_shadow_style=\u00bbpreset1&#8243; animation=\u00bboff\u00bb global_colors_info=\u00bb{}\u00bb][\/et_pb_image][et_pb_text admin_label=\u00bbText\u00bb _builder_version=\u00bb4.7.7&#8243; text_text_color=\u00bb#ffffff\u00bb text_font_size=\u00bb14px\u00bb text_line_height=\u00bb1.4&#8243; header_font=\u00bb|on||on|\u00bb header_text_color=\u00bb#edbc7d\u00bb header_font_size=\u00bb24px\u00bb background_color=\u00bbrgba(0,0,0,0)\u00bb background_size=\u00bbinitial\u00bb background_position=\u00bbtop_left\u00bb background_repeat=\u00bbrepeat\u00bb custom_padding=\u00bb5px|5px|0px|5px\u00bb link_option_url=\u00bbhttps:\/\/www.youtube.com\/watch?v=9A2QDHsgQjI&#038;ab_channel=RevlonProfessional\u00bb link_option_url_new_window=\u00bbon\u00bb global_colors_info=\u00bb{}\u00bb]<h1><span color=\"#993366\" style=\"color: #993366;\">Magnet<\/span><\/h1>\n<p><span color=\"#993366\" style=\"color: #993366;\">En els serveis de decoloraci\u00f3 no \u00e9s important d&#8217;on partim, sino fins on podem arribar sense comprometre la integritat del cabell.<\/span><\/p>\n<p><span color=\"#993366\" style=\"color: #993366;\">Magnet Blondes \u00e9s una decoloraci\u00f3 que fa que treballem amb seguretat respectant al m\u00e0xim la fibra capil\u00b7lar gr\u00e0cies als revel\u00b7ladors espec\u00edfics a base d&#8217;olis i al sistema bondIn System.<\/span><\/p>[\/et_pb_text][et_pb_image src=\u00bbhttps:\/\/heuraonline.com\/wp-content\/uploads\/2021\/04\/8d36ef26-18b5-471b-bbb6-1884c488aa34.jpg\u00bb title_text=\u00bb8d36ef26-18b5-471b-bbb6-1884c488aa34&#8243; url=\u00bbhttps:\/\/www.youtube.com\/watch?v=ZrFICAyi6yU&#038;ab_channel=RevlonProfessional\u00bb url_new_window=\u00bbon\u00bb align_tablet=\u00bbcenter\u00bb align_phone=\u00bb\u00bb align_last_edited=\u00bbon|desktop\u00bb admin_label=\u00bbImage\u00bb _builder_version=\u00bb4.7.7&#8243; min_height=\u00bb351px\u00bb custom_margin=\u00bb||20px|\u00bb custom_padding=\u00bb||94px|||\u00bb border_radii=\u00bbon|4px|4px|4px|4px\u00bb box_shadow_style=\u00bbpreset1&#8243; animation=\u00bboff\u00bb global_colors_info=\u00bb{}\u00bb][\/et_pb_image][et_pb_text admin_label=\u00bbText\u00bb _builder_version=\u00bb4.4.7&#8243; text_text_color=\u00bb#ffffff\u00bb text_font_size=\u00bb14px\u00bb text_line_height=\u00bb1.4&#8243; header_font=\u00bb|on||on|\u00bb header_text_color=\u00bb#edbc7d\u00bb header_font_size=\u00bb24px\u00bb background_color=\u00bbrgba(70,37,54,0)\u00bb background_size=\u00bbinitial\u00bb background_position=\u00bbtop_left\u00bb background_repeat=\u00bbrepeat\u00bb max_width_tablet=\u00bb\u00bb max_width_phone=\u00bb\u00bb max_width_last_edited=\u00bbon|desktop\u00bb custom_padding=\u00bb5px|5px|0px|5px||\u00bb global_colors_info=\u00bb{}\u00bb]<h1><span style=\"color: #993366;\">Men Style<\/span><\/h1>\n<ul>\n<li><span style=\"color: #993366;\">Estils diversos i moderns<\/span><\/li>\n<li><span color=\"#993366\" style=\"color: #993366;\">Ritual d&#8217;afaitat amb navalla<\/span><\/li>\n<li><span style=\"color: #993366;\">Producte <strong>AMERICAN CREW, Acumen\u00a0<\/strong><\/span><\/li>\n<\/ul>[\/et_pb_text][et_pb_image src=\u00bbhttp:\/\/heuraonline.com\/wp-content\/uploads\/2020\/05\/PHOTO-2020-05-30-16-00-10.jpg\u00bb title_text=\u00bbPHOTO-2020-05-30-16-00-10&#8243; align_tablet=\u00bbcenter\u00bb align_phone=\u00bb\u00bb align_last_edited=\u00bbon|desktop\u00bb admin_label=\u00bbImage\u00bb _builder_version=\u00bb4.4.7&#8243; custom_margin=\u00bb||20px|\u00bb border_radii=\u00bbon|4px|4px|4px|4px\u00bb box_shadow_style=\u00bbpreset1&#8243; animation=\u00bboff\u00bb global_colors_info=\u00bb{}\u00bb][\/et_pb_image][et_pb_text admin_label=\u00bbText\u00bb _builder_version=\u00bb4.4.7&#8243; text_text_color=\u00bb#ffffff\u00bb text_font_size=\u00bb14px\u00bb text_line_height=\u00bb1.4&#8243; header_font=\u00bb|on||on|\u00bb header_text_color=\u00bb#edbc7d\u00bb header_font_size=\u00bb24px\u00bb background_color=\u00bbrgba(0,0,0,0)\u00bb background_size=\u00bbinitial\u00bb background_position=\u00bbtop_left\u00bb background_repeat=\u00bbrepeat\u00bb custom_padding=\u00bb5px|5px|5px|5px\u00bb global_colors_info=\u00bb{}\u00bb]<h1><span style=\"color: #993366;\">LISSAGE TANINOPLASTIA \u00abSALVATORE\u00bb i<\/span><\/h1>\n<h1><span style=\"color: #993366;\"> \u00bb Onlys\u00bb<\/span><\/h1>\n<p><span style=\"color: #993366;\">Allisats org\u00e0nics i vegans.<\/span><\/p>\n<p><span style=\"color: #993366;\"><strong>Taninoplastia<\/strong> &#8211; Un sistema exclusiu que allisa al 100% el cabell de forma natural gr\u00e0cies als tanins i a la calor de la planxa. Actua formant una xarxa prot\u00e8ica junt al cement intercel\u00b7lular del c\u00f2rtex i al ser activat per la calor de la planxa ens deixa la forma desitjada.<\/span><\/p>\n<p><span style=\"color: #993366;\">Alguns dels actius m\u00e9s importants s\u00f3n:\u00a0<\/span><\/p>\n<p><span style=\"color: #993366;\">Els tanins &#8211; antioxidants, antiinflamatoris, cicatritzants, astringents, antis\u00e8ptics, hemost\u00e0tics.<\/span><\/p>\n<p><span style=\"color: #993366;\">19 amino\u00e0cids<\/span><\/p>\n<p><span style=\"color: #993366;\">Prote\u00edna de la seda<\/span><\/p>\n<p><span style=\"color: #993366;\">Queratina natural hidrolitzada.<\/span><\/p>\n<p><span style=\"color: #993366;\"><strong>Onlys<\/strong> &#8211; primer allisat bot\u00e0nic i veg\u00e0 sense xamp\u00fa, d&#8217;aplicaci\u00f3 m\u00e9s rapida i senzilla.<\/span><\/p>\n<p><span color=\"#993366\" style=\"color: #993366;\">Els seus principals actius s\u00f3n:<\/span><\/p>\n<p><span style=\"color: #993366;\">S\u00e0bila- coneguda pel seu poder regenerador, es una font de vitamines, proteines, enzimes i aminoacids de ajuden a revitalitzar el cabell.<\/span><\/p>\n<p><span style=\"color: #993366;\">Ginseng- Evita que el cabell es debiliti i es trenqui. Tamb\u00e9 es ric en vitamines i minerals, rejuveneix la fibra capilar i augmenta la creaci\u00f3 de proteines.<\/span><\/p>\n<p><span style=\"color: #993366;\">Acids C\u00edtrics &#8211; Gracies a la seva acci\u00f3 astringent, neteja i elimina l&#8217;acumuaci\u00f3 de residus del cabelL. Regula el PH i actua com a protector t\u00e8rmic.<\/span><\/p>\n<p>&nbsp;<\/p>[\/et_pb_text][et_pb_video src=\u00bbhttp:\/\/heuraonline.com\/wp-content\/uploads\/2020\/05\/Onlys-El-Primer-Alisado-Bot\u00e1nico-y-Vegano-Sin-Champ\u00fa-1.mp4&#8243; _builder_version=\u00bb4.4.7&#8243; global_colors_info=\u00bb{}\u00bb][\/et_pb_video][et_pb_text admin_label=\u00bbText\u00bb _builder_version=\u00bb4.4.7&#8243; text_text_color=\u00bb#ffffff\u00bb text_font_size=\u00bb14px\u00bb text_line_height=\u00bb1.4&#8243; header_font=\u00bb|on||on|\u00bb header_text_color=\u00bb#edbc7d\u00bb header_font_size=\u00bb24px\u00bb background_color=\u00bbrgba(70,37,54,0)\u00bb background_size=\u00bbinitial\u00bb background_position=\u00bbtop_left\u00bb background_repeat=\u00bbrepeat\u00bb custom_padding=\u00bb5px|5px|5px|5px\u00bb global_colors_info=\u00bb{}\u00bb]<h1><span style=\"color: #993366;\">GENT JOVE<\/span><\/h1>\n<p><span style=\"color: #993366;\">Tamb\u00e9 cuidem als m\u00e9s joves, a Heura et pentinarem per la teva 1a comuni\u00f3.<\/span><\/p>[\/et_pb_text][et_pb_image src=\u00bbhttp:\/\/heuraonline.com\/wp-content\/uploads\/2017\/04\/comuniocarnet.jpg\u00bb align_tablet=\u00bbcenter\u00bb align_phone=\u00bb\u00bb align_last_edited=\u00bbon|desktop\u00bb admin_label=\u00bbImage\u00bb _builder_version=\u00bb4.4.7&#8243; custom_margin=\u00bb||10px|\u00bb border_radii=\u00bbon|7px|7px|7px|7px\u00bb box_shadow_style=\u00bbpreset1&#8243; animation=\u00bboff\u00bb global_colors_info=\u00bb{}\u00bb][\/et_pb_image][et_pb_text admin_label=\u00bbText\u00bb _builder_version=\u00bb4.4.7&#8243; text_text_color=\u00bb#ffffff\u00bb text_font_size=\u00bb14px\u00bb text_line_height=\u00bb1.4&#8243; header_font=\u00bb|on||on|\u00bb header_text_color=\u00bb#edbc7d\u00bb header_font_size=\u00bb24px\u00bb background_color=\u00bbrgba(70,37,54,0)\u00bb background_size=\u00bbinitial\u00bb background_position=\u00bbtop_left\u00bb background_repeat=\u00bbrepeat\u00bb max_width_tablet=\u00bb\u00bb max_width_phone=\u00bb\u00bb max_width_last_edited=\u00bbon|desktop\u00bb custom_padding=\u00bb5px|5px|0px|5px\u00bb global_colors_info=\u00bb{}\u00bb]<h1 style=\"text-align: center;\"><span style=\"color: #993366;\">EKSPERIENCE<\/span><\/h1>\n<h1 style=\"text-align: center;\"><span style=\"color: #993366;\">SEA &#8211; SCIENCE &#8211; SENSES<\/span><\/h1>\n<p><span style=\"color: #993366;\">Aquesta l\u00ednia de productes de tractament, tant pel cuir cabellut com per la fibra capil\u00b7lar, \u00e9s de proveniencia marina i ens ofereix tots els beneficis de la mar.<\/span><\/p>\n<p><span style=\"color: #993366;\"><strong>RITUALS DE TALASSOTER\u00c0PIA AL SAL\u00d3<\/strong><\/span><\/p>\n<p><span style=\"color: #993366;\">EKS BOOST\u00a0 (enfocat al cuir cabellut descamat o seborreic)<\/span><\/p>\n<p><span style=\"color: #993366;\">EKS RECONSTRUCT (enfocat a cabells secs o tractats)<\/span><\/p>\n<p><span style=\"color: #993366;\">EKS\u00a0 TALASSOTERAPY\u00a0 (tractament personalitzats en funcio de la problem\u00e0tica: anticaiguda, calmant, anticaspa, etc)<\/span><\/p>\n<p><span style=\"color: #993366;\">\u00a0<\/span><\/p>[\/et_pb_text][et_pb_blurb image=\u00bbhttps:\/\/heuraonline.com\/wp-content\/uploads\/2023\/11\/Slide1.jpg\u00bb _builder_version=\u00bb4.12.0&#8243; _module_preset=\u00bbdefault\u00bb title_text=\u00bbSlide1&#8243; hover_enabled=\u00bb0&#8243; sticky_enabled=\u00bb0&#8243;][\/et_pb_blurb][et_pb_blurb _builder_version=\u00bb4.12.0&#8243; _module_preset=\u00bbdefault\u00bb hover_enabled=\u00bb0&#8243; sticky_enabled=\u00bb0&#8243;]<h1 style=\"text-align: center;\"><span style=\"color: #000080;\"><strong>GAUDEIX DE LA TEVA<\/strong><\/span><\/h1>\n<h1 style=\"text-align: center;\"><span style=\"color: #000080;\"><strong>RELAX WASH EXPERIENCE<\/strong><\/span><\/h1>\n<h1 style=\"text-align: center;\"><span style=\"color: #000080;\">AQUI<\/span><\/h1>\n<div style=\"width: 384px;\" class=\"wp-video\"><!--[if lt IE 9]><script>document.createElement('video');<\/script><![endif]-->\n<video class=\"wp-video-shortcode\" id=\"video-243-1\" width=\"384\" height=\"864\" preload=\"metadata\" controls=\"controls\"><source type=\"video\/mp4\" src=\"https:\/\/heuraonline.com\/wp-content\/uploads\/2023\/11\/VID-20231102-WA0056.mp4?_=1\" \/><a href=\"https:\/\/heuraonline.com\/wp-content\/uploads\/2023\/11\/VID-20231102-WA0056.mp4\">https:\/\/heuraonline.com\/wp-content\/uploads\/2023\/11\/VID-20231102-WA0056.mp4<\/a><\/video><\/div>[\/et_pb_blurb][et_pb_text admin_label=\u00bbText\u00bb _builder_version=\u00bb4.4.7&#8243; text_text_color=\u00bb#ffffff\u00bb text_font_size=\u00bb14px\u00bb text_line_height=\u00bb1.4&#8243; header_font=\u00bb|on||on|\u00bb header_text_color=\u00bb#edbc7d\u00bb header_font_size=\u00bb24px\u00bb background_color=\u00bbrgba(0,0,0,0)\u00bb background_size=\u00bbinitial\u00bb background_position=\u00bbtop_left\u00bb background_repeat=\u00bbrepeat\u00bb custom_padding=\u00bb5px|5px|5px|5px\u00bb global_colors_info=\u00bb{}\u00bb]<h1><span style=\"color: #993366;\"><a href=\"http:\/\/heuraonline.com\/index.php\/project\/packs\/\" style=\"color: #993366;\">PACKS PER A NUVIS I N\u00daVIES<\/a><\/span><\/h1>\n<p><span style=\"color: #993366;\">Us preparem pel vostre dia tan especial.<\/span><br \/> <span style=\"color: #993366;\"> <strong><a href=\"https:\/\/heuraonline.com\/index.php\/carta-serveis-nuvis\/\" style=\"color: #993366;\">CONSULTEU ELS NOSTRES PACKS AQUI<\/a><\/strong><\/span><\/p>[\/et_pb_text][et_pb_image src=\u00bbhttp:\/\/heuraonline.com\/wp-content\/uploads\/2020\/06\/wedding-planner-01.jpg\u00bb title_text=\u00bbwedding-planner-01&#8243; _builder_version=\u00bb4.4.7&#8243; global_colors_info=\u00bb{}\u00bb][\/et_pb_image][et_pb_blurb title=\u00bbRE\/START CURLS\u00bb image=\u00bbhttps:\/\/heuraonline.com\/wp-content\/uploads\/2022\/04\/CURLY.jpg\u00bb _builder_version=\u00bb4.12.0&#8243; _module_preset=\u00bbdefault\u00bb global_colors_info=\u00bb{}\u00bb]<p style=\"text-align: center;\"><span style=\"color: #993366;\"><strong>L\u00ednia de r\u00ednxols definitiva, vers\u00e0til i compacta de productes espec\u00edfics fets a mida que funcionen barrejant-los i combinant-los per promocionar resultats d&#8217;alt rendiment alscabells texturitzats.<\/strong><\/span><\/p>\n<p style=\"text-align: center;\"><span style=\"color: #993366;\"><strong>* Ingredients provats per a la cura de la pell: ajuden a equilibrar el microbioma del cuir cabellut.<\/strong><\/span><\/p>\n<p style=\"text-align: center;\"><span style=\"color: #993366;\"><strong>Oli natural de jojoba: les seves propietat emol.lients nodreixen el cabell.<\/strong><\/span><\/p>\n<p style=\"text-align: center;\"><span style=\"color: #993366;\"><strong>L\u00ecpids vegans biomim\u00e8tics: restauren els olis naturals del cabell per a una definici\u00f3 del r\u00ecnxol definitiva<\/strong><\/span><\/p>\n<p style=\"text-align: center;\"><span style=\"color: #993366;\"><strong>Una barreja de sucres definitoris: hidrata, restaura i millora la definici\u00f3 del r\u00ecnxol.<\/strong><\/span><\/p>\n<p style=\"text-align: center;\"><span style=\"color: #993366;\"><strong>RE\/START potencia la personalitat dels cabells arrissats naturals en complir amb el M\u00c8TODE CURLY<\/strong><\/span><\/p>\n<p style=\"text-align: center;\"><span style=\"color: #993366;\"><strong><\/strong><\/span><\/p>\n<p style=\"text-align: center;\"><span style=\"color: #993366;\"><strong><\/strong><\/span><\/p>[\/et_pb_blurb][\/et_pb_column][\/et_pb_row][\/et_pb_section]","protected":false},"excerpt":{"rendered":"<p>Un m\u00f3n de possibilitats per sentir-vos \u00fanics A Heura, Perruqueria, Est\u00e8tica i Sol\u00e0rium farem de la vostra\u00a0visita una experi\u00e8ncia inoblidable plena de sensacions. Les nostres cures i tractaments atesos pel nostre personal expert us\u00a0faran sentir-vos com nous per afrontar plens de vitalitat el fren\u00e8tic ritme de cada dia.PROTESIS CAPILARS I EXTENSIONS La nostra experi\u00e8ncia en [&hellip;]<\/p>\n","protected":false},"author":4,"featured_media":0,"parent":0,"menu_order":0,"comment_status":"closed","ping_status":"closed","template":"","meta":{"_et_pb_use_builder":"on","_et_pb_old_content":"","_et_gb_content_width":""},"_links":{"self":[{"href":"https:\/\/heuraonline.com\/index.php\/wp-json\/wp\/v2\/pages\/243"}],"collection":[{"href":"https:\/\/heuraonline.com\/index.php\/wp-json\/wp\/v2\/pages"}],"about":[{"href":"https:\/\/heuraonline.com\/index.php\/wp-json\/wp\/v2\/types\/page"}],"author":[{"embeddable":true,"href":"https:\/\/heuraonline.com\/index.php\/wp-json\/wp\/v2\/users\/4"}],"replies":[{"embeddable":true,"href":"https:\/\/heuraonline.com\/index.php\/wp-json\/wp\/v2\/comments?post=243"}],"version-history":[{"count":9,"href":"https:\/\/heuraonline.com\/index.php\/wp-json\/wp\/v2\/pages\/243\/revisions"}],"predecessor-version":[{"id":2322,"href":"https:\/\/heuraonline.com\/index.php\/wp-json\/wp\/v2\/pages\/243\/revisions\/2322"}],"wp:attachment":[{"href":"https:\/\/heuraonline.com\/index.php\/wp-json\/wp\/v2\/media?parent=243"}],"curies":[{"name":"wp","href":"https:\/\/api.w.org\/{rel}","templated":true}]}}