{"id":1780,"date":"2022-04-07T16:39:49","date_gmt":"2022-04-07T15:39:49","guid":{"rendered":"https:\/\/heuraonline.com\/?page_id=1780"},"modified":"2023-12-14T15:42:06","modified_gmt":"2023-12-14T14:42:06","slug":"inici","status":"publish","type":"page","link":"https:\/\/heuraonline.com\/index.php\/inici\/","title":{"rendered":"INICI"},"content":{"rendered":"[et_pb_section fb_built=\u00bb1&#8243; admin_label=\u00bbsection\u00bb _builder_version=\u00bb3.22&#8243; global_colors_info=\u00bb{}\u00bb][et_pb_row _builder_version=\u00bb4.12.0&#8243; _module_preset=\u00bbdefault\u00bb global_colors_info=\u00bb{}\u00bb][et_pb_column type=\u00bb4_4&#8243; _builder_version=\u00bb4.12.0&#8243; _module_preset=\u00bbdefault\u00bb global_colors_info=\u00bb{}\u00bb][et_pb_blurb _builder_version=\u00bb4.12.0&#8243; _module_preset=\u00bbdefault\u00bb global_colors_info=\u00bb{}\u00bb]<h3 style=\"text-align: center;\"><span style=\"color: #993366;\"><strong>ET PRESENTEM LES NOSTRES INSTAL.LACIONS<\/strong><\/span><\/h3>\n<h3 style=\"text-align: center;\"><span style=\"color: #993366;\"><strong>DE PERRUQUERIA, EST\u00c8TICA, TER\u00c0PIES I RELAX WASH EXPERIENCE,<\/strong><\/span><\/h3>\n<h4 style=\"text-align: center;\"><span style=\"color: #993366;\"><strong>ON PODR\u00c0S GAUDIR DE L&#8217;ASSESORAMENT DEL NOSTRE EQUIP EN QUANT A TRACTAMENT I CURA DE LA TEVA IMATGE I SALUT.<\/strong><\/span><\/h4>\n<h3 style=\"text-align: center;\"><span style=\"color: #993366;\"><strong>TREBALLEM AMB PRODUCTES D&#8217;ALTA GAMA I T\u00c8CNIQUES INNOVADORES<\/strong><\/span><\/h3>\n<div style=\"width: 640px;\" class=\"wp-video\"><!--[if lt IE 9]><script>document.createElement('video');<\/script><![endif]-->\n<video class=\"wp-video-shortcode\" id=\"video-1780-1\" width=\"640\" height=\"352\" preload=\"metadata\" controls=\"controls\"><source type=\"video\/mp4\" src=\"https:\/\/heuraonline.com\/wp-content\/uploads\/2020\/06\/VIDEO-2020-06-23-15-46-37.mp4?_=1\" \/><a href=\"https:\/\/heuraonline.com\/wp-content\/uploads\/2020\/06\/VIDEO-2020-06-23-15-46-37.mp4\">https:\/\/heuraonline.com\/wp-content\/uploads\/2020\/06\/VIDEO-2020-06-23-15-46-37.mp4<\/a><\/video><\/div>[\/et_pb_blurb][\/et_pb_column][\/et_pb_row][et_pb_row _builder_version=\u00bb4.12.0&#8243; _module_preset=\u00bbdefault\u00bb global_colors_info=\u00bb{}\u00bb][et_pb_column type=\u00bb4_4&#8243; _builder_version=\u00bb4.12.0&#8243; _module_preset=\u00bbdefault\u00bb global_colors_info=\u00bb{}\u00bb][et_pb_blurb _builder_version=\u00bb4.12.0&#8243; _module_preset=\u00bbdefault\u00bb global_colors_info=\u00bb{}\u00bb]<div style=\"width: 1080px;\" class=\"wp-video\"><video class=\"wp-video-shortcode\" id=\"video-1780-2\" width=\"1080\" height=\"1080\" preload=\"metadata\" controls=\"controls\"><source type=\"video\/mp4\" src=\"https:\/\/heuraonline.com\/wp-content\/uploads\/2022\/04\/InShot_20220304_123049593.mp4?_=2\" \/><a href=\"https:\/\/heuraonline.com\/wp-content\/uploads\/2022\/04\/InShot_20220304_123049593.mp4\">https:\/\/heuraonline.com\/wp-content\/uploads\/2022\/04\/InShot_20220304_123049593.mp4<\/a><\/video><\/div>[\/et_pb_blurb][et_pb_blurb image=\u00bbhttps:\/\/heuraonline.com\/wp-content\/uploads\/2023\/11\/Slide1.jpg\u00bb _builder_version=\u00bb4.12.0&#8243; _module_preset=\u00bbdefault\u00bb global_colors_info=\u00bb{}\u00bb]<div style=\"width: 384px;\" class=\"wp-video\"><video class=\"wp-video-shortcode\" id=\"video-1780-3\" width=\"384\" height=\"864\" preload=\"metadata\" controls=\"controls\"><source type=\"video\/mp4\" src=\"https:\/\/heuraonline.com\/wp-content\/uploads\/2023\/11\/VID-20231102-WA0056.mp4?_=3\" \/><a href=\"https:\/\/heuraonline.com\/wp-content\/uploads\/2023\/11\/VID-20231102-WA0056.mp4\">https:\/\/heuraonline.com\/wp-content\/uploads\/2023\/11\/VID-20231102-WA0056.mp4<\/a><\/video><\/div>\n<h3 style=\"text-align: center;\"><strong><span style=\"text-decoration: underline;\"><span style=\"color: #000080;\">NOU ESPAI<\/span><\/span><\/strong><\/h3>\n<h1 style=\"text-align: center;\"><span style=\"color: #000080;\"><strong><span style=\"text-decoration: underline;\">RELAX WASH EXPERIENCE<\/span><\/strong><\/span><\/h1>[\/et_pb_blurb][\/et_pb_column][\/et_pb_row][\/et_pb_section]","protected":false},"excerpt":{"rendered":"<p>ET PRESENTEM LES NOSTRES INSTAL.LACIONS DE PERRUQUERIA, EST\u00c8TICA, TER\u00c0PIES I RELAX WASH EXPERIENCE, ON PODR\u00c0S GAUDIR DE L&#8217;ASSESORAMENT DEL NOSTRE EQUIP EN QUANT A TRACTAMENT I CURA DE LA TEVA IMATGE I SALUT. TREBALLEM AMB PRODUCTES D&#8217;ALTA GAMA I T\u00c8CNIQUES INNOVADORES <div style=\"width: 640px;\" class=\"wp-video\"><video class=\"wp-video-shortcode\" id=\"video-1780-4\" width=\"640\" height=\"352\" preload=\"metadata\" controls=\"controls\"><source type=\"video\/mp4\" src=\"https:\/\/heuraonline.com\/wp-content\/uploads\/2020\/06\/VIDEO-2020-06-23-15-46-37.mp4?_=4\" \/><a href=\"https:\/\/heuraonline.com\/wp-content\/uploads\/2020\/06\/VIDEO-2020-06-23-15-46-37.mp4\">https:\/\/heuraonline.com\/wp-content\/uploads\/2020\/06\/VIDEO-2020-06-23-15-46-37.mp4<\/a><\/video><\/div><div style=\"width: 1080px;\" class=\"wp-video\"><video class=\"wp-video-shortcode\" id=\"video-1780-5\" width=\"1080\" height=\"1080\" preload=\"metadata\" controls=\"controls\"><source type=\"video\/mp4\" src=\"https:\/\/heuraonline.com\/wp-content\/uploads\/2022\/04\/InShot_20220304_123049593.mp4?_=5\" \/><a href=\"https:\/\/heuraonline.com\/wp-content\/uploads\/2022\/04\/InShot_20220304_123049593.mp4\">https:\/\/heuraonline.com\/wp-content\/uploads\/2022\/04\/InShot_20220304_123049593.mp4<\/a><\/video><\/div><div style=\"width: 384px;\" class=\"wp-video\"><video class=\"wp-video-shortcode\" id=\"video-1780-6\" width=\"384\" height=\"864\" preload=\"metadata\" controls=\"controls\"><source type=\"video\/mp4\" src=\"https:\/\/heuraonline.com\/wp-content\/uploads\/2023\/11\/VID-20231102-WA0056.mp4?_=6\" \/><a href=\"https:\/\/heuraonline.com\/wp-content\/uploads\/2023\/11\/VID-20231102-WA0056.mp4\">https:\/\/heuraonline.com\/wp-content\/uploads\/2023\/11\/VID-20231102-WA0056.mp4<\/a><\/video><\/div> NOU ESPAI RELAX WASH [&hellip;]<\/p>\n","protected":false},"author":2,"featured_media":0,"parent":0,"menu_order":0,"comment_status":"closed","ping_status":"closed","template":"","meta":{"_et_pb_use_builder":"on","_et_pb_old_content":"","_et_gb_content_width":""},"_links":{"self":[{"href":"https:\/\/heuraonline.com\/index.php\/wp-json\/wp\/v2\/pages\/1780"}],"collection":[{"href":"https:\/\/heuraonline.com\/index.php\/wp-json\/wp\/v2\/pages"}],"about":[{"href":"https:\/\/heuraonline.com\/index.php\/wp-json\/wp\/v2\/types\/page"}],"author":[{"embeddable":true,"href":"https:\/\/heuraonline.com\/index.php\/wp-json\/wp\/v2\/users\/2"}],"replies":[{"embeddable":true,"href":"https:\/\/heuraonline.com\/index.php\/wp-json\/wp\/v2\/comments?post=1780"}],"version-history":[{"count":10,"href":"https:\/\/heuraonline.com\/index.php\/wp-json\/wp\/v2\/pages\/1780\/revisions"}],"predecessor-version":[{"id":2348,"href":"https:\/\/heuraonline.com\/index.php\/wp-json\/wp\/v2\/pages\/1780\/revisions\/2348"}],"wp:attachment":[{"href":"https:\/\/heuraonline.com\/index.php\/wp-json\/wp\/v2\/media?parent=1780"}],"curies":[{"name":"wp","href":"https:\/\/api.w.org\/{rel}","templated":true}]}}